{"id":3846,"date":"2021-02-17T04:45:28","date_gmt":"2021-02-17T09:45:28","guid":{"rendered":"https:\/\/www.veroniqueberube.com\/partage\/blogue\/"},"modified":"2024-12-25T11:57:44","modified_gmt":"2024-12-25T16:57:44","slug":"blogue","status":"publish","type":"page","link":"https:\/\/www.veroniqueberube.com\/en\/offerings\/blogue\/","title":{"rendered":"Blogue"},"content":{"rendered":"<p>Pour ajouter vos Coups de Coeur <span style=\"font-weight: 400\">\ud83d\udc9f \u00e0 votre tableau de bord, connectez-vous \u00e0 votre compte.<\/span><\/p>\n<p>Vous n&#8217;avez pas de compte? Vous pouvez le cr\u00e9er ICI. C&#8217;est gratuit!<\/p>\n","protected":false},"excerpt":{"rendered":"<p>Pour ajouter vos Coups de Coeur \ud83d\udc9f \u00e0 votre tableau de bord, connectez-vous \u00e0 votre compte. Vous n&#8217;avez pas de compte? Vous pouvez le cr\u00e9er ICI. C&#8217;est gratuit!<\/p>\n","protected":false},"author":1,"featured_media":0,"parent":3842,"menu_order":0,"comment_status":"closed","ping_status":"closed","template":"templates\/partage-blog.php","meta":{"_acf_changed":false,"footnotes":""},"class_list":["post-3846","page","type-page","status-publish","hentry"],"acf":[],"yoast_head":"<!-- This site is optimized with the Yoast SEO plugin v27.5 - https:\/\/yoast.com\/product\/yoast-seo-wordpress\/ -->\n<title>Blogue - V\u00e9ronique B\u00e9rub\u00e9<\/title>\n<meta name=\"robots\" content=\"index, follow, max-snippet:-1, max-image-preview:large, max-video-preview:-1\" \/>\n<link rel=\"canonical\" href=\"https:\/\/www.veroniqueberube.com\/en\/offerings\/blogue\/\" \/>\n<meta property=\"og:locale\" content=\"en_US\" \/>\n<meta property=\"og:type\" content=\"article\" \/>\n<meta property=\"og:title\" content=\"Blogue - V\u00e9ronique B\u00e9rub\u00e9\" \/>\n<meta property=\"og:description\" content=\"Pour ajouter vos Coups de Coeur \ud83d\udc9f \u00e0 votre tableau de bord, connectez-vous \u00e0 votre compte. Vous n&#8217;avez pas de compte? Vous pouvez le cr\u00e9er ICI. C&#8217;est gratuit!\" \/>\n<meta property=\"og:url\" content=\"https:\/\/www.veroniqueberube.com\/en\/offerings\/blogue\/\" \/>\n<meta property=\"og:site_name\" content=\"V\u00e9ronique B\u00e9rub\u00e9\" \/>\n<meta property=\"article:modified_time\" content=\"2024-12-25T16:57:44+00:00\" \/>\n<meta name=\"twitter:card\" content=\"summary_large_image\" \/>\n<script type=\"application\/ld+json\" class=\"yoast-schema-graph\">{\"@context\":\"https:\\\/\\\/schema.org\",\"@graph\":[{\"@type\":\"WebPage\",\"@id\":\"https:\\\/\\\/www.veroniqueberube.com\\\/en\\\/offerings\\\/blogue\\\/\",\"url\":\"https:\\\/\\\/www.veroniqueberube.com\\\/en\\\/offerings\\\/blogue\\\/\",\"name\":\"Blogue - V\u00e9ronique B\u00e9rub\u00e9\",\"isPartOf\":{\"@id\":\"https:\\\/\\\/www.veroniqueberube.com\\\/en\\\/#website\"},\"datePublished\":\"2021-02-17T09:45:28+00:00\",\"dateModified\":\"2024-12-25T16:57:44+00:00\",\"breadcrumb\":{\"@id\":\"https:\\\/\\\/www.veroniqueberube.com\\\/en\\\/offerings\\\/blogue\\\/#breadcrumb\"},\"inLanguage\":\"en-US\",\"potentialAction\":[{\"@type\":\"ReadAction\",\"target\":[\"https:\\\/\\\/www.veroniqueberube.com\\\/en\\\/offerings\\\/blogue\\\/\"]}]},{\"@type\":\"BreadcrumbList\",\"@id\":\"https:\\\/\\\/www.veroniqueberube.com\\\/en\\\/offerings\\\/blogue\\\/#breadcrumb\",\"itemListElement\":[{\"@type\":\"ListItem\",\"position\":1,\"name\":\"Home\",\"item\":\"https:\\\/\\\/www.veroniqueberube.com\\\/en\\\/accueil\\\/\"},{\"@type\":\"ListItem\",\"position\":2,\"name\":\"Offerings\",\"item\":\"https:\\\/\\\/www.veroniqueberube.com\\\/en\\\/offerings\\\/\"},{\"@type\":\"ListItem\",\"position\":3,\"name\":\"Blogue\"}]},{\"@type\":\"WebSite\",\"@id\":\"https:\\\/\\\/www.veroniqueberube.com\\\/en\\\/#website\",\"url\":\"https:\\\/\\\/www.veroniqueberube.com\\\/en\\\/\",\"name\":\"V\u00e9ronique B\u00e9rub\u00e9\",\"description\":\"\",\"potentialAction\":[{\"@type\":\"SearchAction\",\"target\":{\"@type\":\"EntryPoint\",\"urlTemplate\":\"https:\\\/\\\/www.veroniqueberube.com\\\/en\\\/?s={search_term_string}\"},\"query-input\":{\"@type\":\"PropertyValueSpecification\",\"valueRequired\":true,\"valueName\":\"search_term_string\"}}],\"inLanguage\":\"en-US\"}]}<\/script>\n<!-- \/ Yoast SEO plugin. -->","yoast_head_json":{"title":"Blogue - V\u00e9ronique B\u00e9rub\u00e9","robots":{"index":"index","follow":"follow","max-snippet":"max-snippet:-1","max-image-preview":"max-image-preview:large","max-video-preview":"max-video-preview:-1"},"canonical":"https:\/\/www.veroniqueberube.com\/en\/offerings\/blogue\/","og_locale":"en_US","og_type":"article","og_title":"Blogue - V\u00e9ronique B\u00e9rub\u00e9","og_description":"Pour ajouter vos Coups de Coeur \ud83d\udc9f \u00e0 votre tableau de bord, connectez-vous \u00e0 votre compte. Vous n&#8217;avez pas de compte? Vous pouvez le cr\u00e9er ICI. C&#8217;est gratuit!","og_url":"https:\/\/www.veroniqueberube.com\/en\/offerings\/blogue\/","og_site_name":"V\u00e9ronique B\u00e9rub\u00e9","article_modified_time":"2024-12-25T16:57:44+00:00","twitter_card":"summary_large_image","schema":{"@context":"https:\/\/schema.org","@graph":[{"@type":"WebPage","@id":"https:\/\/www.veroniqueberube.com\/en\/offerings\/blogue\/","url":"https:\/\/www.veroniqueberube.com\/en\/offerings\/blogue\/","name":"Blogue - V\u00e9ronique B\u00e9rub\u00e9","isPartOf":{"@id":"https:\/\/www.veroniqueberube.com\/en\/#website"},"datePublished":"2021-02-17T09:45:28+00:00","dateModified":"2024-12-25T16:57:44+00:00","breadcrumb":{"@id":"https:\/\/www.veroniqueberube.com\/en\/offerings\/blogue\/#breadcrumb"},"inLanguage":"en-US","potentialAction":[{"@type":"ReadAction","target":["https:\/\/www.veroniqueberube.com\/en\/offerings\/blogue\/"]}]},{"@type":"BreadcrumbList","@id":"https:\/\/www.veroniqueberube.com\/en\/offerings\/blogue\/#breadcrumb","itemListElement":[{"@type":"ListItem","position":1,"name":"Home","item":"https:\/\/www.veroniqueberube.com\/en\/accueil\/"},{"@type":"ListItem","position":2,"name":"Offerings","item":"https:\/\/www.veroniqueberube.com\/en\/offerings\/"},{"@type":"ListItem","position":3,"name":"Blogue"}]},{"@type":"WebSite","@id":"https:\/\/www.veroniqueberube.com\/en\/#website","url":"https:\/\/www.veroniqueberube.com\/en\/","name":"V\u00e9ronique B\u00e9rub\u00e9","description":"","potentialAction":[{"@type":"SearchAction","target":{"@type":"EntryPoint","urlTemplate":"https:\/\/www.veroniqueberube.com\/en\/?s={search_term_string}"},"query-input":{"@type":"PropertyValueSpecification","valueRequired":true,"valueName":"search_term_string"}}],"inLanguage":"en-US"}]}},"_links":{"self":[{"href":"https:\/\/www.veroniqueberube.com\/en\/wp-json\/wp\/v2\/pages\/3846","targetHints":{"allow":["GET"]}}],"collection":[{"href":"https:\/\/www.veroniqueberube.com\/en\/wp-json\/wp\/v2\/pages"}],"about":[{"href":"https:\/\/www.veroniqueberube.com\/en\/wp-json\/wp\/v2\/types\/page"}],"author":[{"embeddable":true,"href":"https:\/\/www.veroniqueberube.com\/en\/wp-json\/wp\/v2\/users\/1"}],"replies":[{"embeddable":true,"href":"https:\/\/www.veroniqueberube.com\/en\/wp-json\/wp\/v2\/comments?post=3846"}],"version-history":[{"count":1,"href":"https:\/\/www.veroniqueberube.com\/en\/wp-json\/wp\/v2\/pages\/3846\/revisions"}],"predecessor-version":[{"id":7961,"href":"https:\/\/www.veroniqueberube.com\/en\/wp-json\/wp\/v2\/pages\/3846\/revisions\/7961"}],"up":[{"embeddable":true,"href":"https:\/\/www.veroniqueberube.com\/en\/wp-json\/wp\/v2\/pages\/3842"}],"wp:attachment":[{"href":"https:\/\/www.veroniqueberube.com\/en\/wp-json\/wp\/v2\/media?parent=3846"}],"curies":[{"name":"wp","href":"https:\/\/api.w.org\/{rel}","templated":true}]}}