{"id":3887,"date":"2021-02-18T07:07:12","date_gmt":"2021-02-18T12:07:12","guid":{"rendered":"https:\/\/www.veroniqueberube.com\/perdu-mot-de-passe\/"},"modified":"2022-02-06T10:17:47","modified_gmt":"2022-02-06T15:17:47","slug":"perdu-mot-de-passe","status":"publish","type":"page","link":"https:\/\/www.veroniqueberube.com\/en\/perdu-mot-de-passe\/","title":{"rendered":"Lost wordpass"},"content":{"rendered":"<p>Don&#8217;t worry. Memory lapses happen to the best of us. To get the link to reset your password, please write your email address in the box below.<\/p>\n","protected":false},"excerpt":{"rendered":"<p>Don&#8217;t worry. Memory lapses happen to the best of us. To get the link to reset your password, please write your email address in the box below.<\/p>\n","protected":false},"author":1,"featured_media":0,"parent":0,"menu_order":0,"comment_status":"closed","ping_status":"closed","template":"templates\/forgot-password.php","meta":{"_acf_changed":false,"footnotes":""},"class_list":["post-3887","page","type-page","status-publish","hentry"],"acf":[],"yoast_head":"<!-- This site is optimized with the Yoast SEO plugin v27.5 - https:\/\/yoast.com\/product\/yoast-seo-wordpress\/ -->\n<title>Lost wordpass - V\u00e9ronique B\u00e9rub\u00e9<\/title>\n<meta name=\"robots\" content=\"index, follow, max-snippet:-1, max-image-preview:large, max-video-preview:-1\" \/>\n<link rel=\"canonical\" href=\"https:\/\/www.veroniqueberube.com\/en\/perdu-mot-de-passe\/\" \/>\n<meta property=\"og:locale\" content=\"en_US\" \/>\n<meta property=\"og:type\" content=\"article\" \/>\n<meta property=\"og:title\" content=\"Lost wordpass - V\u00e9ronique B\u00e9rub\u00e9\" \/>\n<meta property=\"og:description\" content=\"Don&#8217;t worry. Memory lapses happen to the best of us. To get the link to reset your password, please write your email address in the box below.\" \/>\n<meta property=\"og:url\" content=\"https:\/\/www.veroniqueberube.com\/en\/perdu-mot-de-passe\/\" \/>\n<meta property=\"og:site_name\" content=\"V\u00e9ronique B\u00e9rub\u00e9\" \/>\n<meta property=\"article:modified_time\" content=\"2022-02-06T15:17:47+00:00\" \/>\n<meta name=\"twitter:card\" content=\"summary_large_image\" \/>\n<meta name=\"twitter:label1\" content=\"Est. reading time\" \/>\n\t<meta name=\"twitter:data1\" content=\"1 minute\" \/>\n<script type=\"application\/ld+json\" class=\"yoast-schema-graph\">{\"@context\":\"https:\\\/\\\/schema.org\",\"@graph\":[{\"@type\":\"WebPage\",\"@id\":\"https:\\\/\\\/www.veroniqueberube.com\\\/en\\\/perdu-mot-de-passe\\\/\",\"url\":\"https:\\\/\\\/www.veroniqueberube.com\\\/en\\\/perdu-mot-de-passe\\\/\",\"name\":\"Lost wordpass - V\u00e9ronique B\u00e9rub\u00e9\",\"isPartOf\":{\"@id\":\"https:\\\/\\\/www.veroniqueberube.com\\\/en\\\/#website\"},\"datePublished\":\"2021-02-18T12:07:12+00:00\",\"dateModified\":\"2022-02-06T15:17:47+00:00\",\"breadcrumb\":{\"@id\":\"https:\\\/\\\/www.veroniqueberube.com\\\/en\\\/perdu-mot-de-passe\\\/#breadcrumb\"},\"inLanguage\":\"en-US\",\"potentialAction\":[{\"@type\":\"ReadAction\",\"target\":[\"https:\\\/\\\/www.veroniqueberube.com\\\/en\\\/perdu-mot-de-passe\\\/\"]}]},{\"@type\":\"BreadcrumbList\",\"@id\":\"https:\\\/\\\/www.veroniqueberube.com\\\/en\\\/perdu-mot-de-passe\\\/#breadcrumb\",\"itemListElement\":[{\"@type\":\"ListItem\",\"position\":1,\"name\":\"Home\",\"item\":\"https:\\\/\\\/www.veroniqueberube.com\\\/en\\\/accueil\\\/\"},{\"@type\":\"ListItem\",\"position\":2,\"name\":\"Lost wordpass\"}]},{\"@type\":\"WebSite\",\"@id\":\"https:\\\/\\\/www.veroniqueberube.com\\\/en\\\/#website\",\"url\":\"https:\\\/\\\/www.veroniqueberube.com\\\/en\\\/\",\"name\":\"V\u00e9ronique B\u00e9rub\u00e9\",\"description\":\"\",\"potentialAction\":[{\"@type\":\"SearchAction\",\"target\":{\"@type\":\"EntryPoint\",\"urlTemplate\":\"https:\\\/\\\/www.veroniqueberube.com\\\/en\\\/?s={search_term_string}\"},\"query-input\":{\"@type\":\"PropertyValueSpecification\",\"valueRequired\":true,\"valueName\":\"search_term_string\"}}],\"inLanguage\":\"en-US\"}]}<\/script>\n<!-- \/ Yoast SEO plugin. -->","yoast_head_json":{"title":"Lost wordpass - V\u00e9ronique B\u00e9rub\u00e9","robots":{"index":"index","follow":"follow","max-snippet":"max-snippet:-1","max-image-preview":"max-image-preview:large","max-video-preview":"max-video-preview:-1"},"canonical":"https:\/\/www.veroniqueberube.com\/en\/perdu-mot-de-passe\/","og_locale":"en_US","og_type":"article","og_title":"Lost wordpass - V\u00e9ronique B\u00e9rub\u00e9","og_description":"Don&#8217;t worry. Memory lapses happen to the best of us. To get the link to reset your password, please write your email address in the box below.","og_url":"https:\/\/www.veroniqueberube.com\/en\/perdu-mot-de-passe\/","og_site_name":"V\u00e9ronique B\u00e9rub\u00e9","article_modified_time":"2022-02-06T15:17:47+00:00","twitter_card":"summary_large_image","twitter_misc":{"Est. reading time":"1 minute"},"schema":{"@context":"https:\/\/schema.org","@graph":[{"@type":"WebPage","@id":"https:\/\/www.veroniqueberube.com\/en\/perdu-mot-de-passe\/","url":"https:\/\/www.veroniqueberube.com\/en\/perdu-mot-de-passe\/","name":"Lost wordpass - V\u00e9ronique B\u00e9rub\u00e9","isPartOf":{"@id":"https:\/\/www.veroniqueberube.com\/en\/#website"},"datePublished":"2021-02-18T12:07:12+00:00","dateModified":"2022-02-06T15:17:47+00:00","breadcrumb":{"@id":"https:\/\/www.veroniqueberube.com\/en\/perdu-mot-de-passe\/#breadcrumb"},"inLanguage":"en-US","potentialAction":[{"@type":"ReadAction","target":["https:\/\/www.veroniqueberube.com\/en\/perdu-mot-de-passe\/"]}]},{"@type":"BreadcrumbList","@id":"https:\/\/www.veroniqueberube.com\/en\/perdu-mot-de-passe\/#breadcrumb","itemListElement":[{"@type":"ListItem","position":1,"name":"Home","item":"https:\/\/www.veroniqueberube.com\/en\/accueil\/"},{"@type":"ListItem","position":2,"name":"Lost wordpass"}]},{"@type":"WebSite","@id":"https:\/\/www.veroniqueberube.com\/en\/#website","url":"https:\/\/www.veroniqueberube.com\/en\/","name":"V\u00e9ronique B\u00e9rub\u00e9","description":"","potentialAction":[{"@type":"SearchAction","target":{"@type":"EntryPoint","urlTemplate":"https:\/\/www.veroniqueberube.com\/en\/?s={search_term_string}"},"query-input":{"@type":"PropertyValueSpecification","valueRequired":true,"valueName":"search_term_string"}}],"inLanguage":"en-US"}]}},"_links":{"self":[{"href":"https:\/\/www.veroniqueberube.com\/en\/wp-json\/wp\/v2\/pages\/3887","targetHints":{"allow":["GET"]}}],"collection":[{"href":"https:\/\/www.veroniqueberube.com\/en\/wp-json\/wp\/v2\/pages"}],"about":[{"href":"https:\/\/www.veroniqueberube.com\/en\/wp-json\/wp\/v2\/types\/page"}],"author":[{"embeddable":true,"href":"https:\/\/www.veroniqueberube.com\/en\/wp-json\/wp\/v2\/users\/1"}],"replies":[{"embeddable":true,"href":"https:\/\/www.veroniqueberube.com\/en\/wp-json\/wp\/v2\/comments?post=3887"}],"version-history":[{"count":2,"href":"https:\/\/www.veroniqueberube.com\/en\/wp-json\/wp\/v2\/pages\/3887\/revisions"}],"predecessor-version":[{"id":4384,"href":"https:\/\/www.veroniqueberube.com\/en\/wp-json\/wp\/v2\/pages\/3887\/revisions\/4384"}],"wp:attachment":[{"href":"https:\/\/www.veroniqueberube.com\/en\/wp-json\/wp\/v2\/media?parent=3887"}],"curies":[{"name":"wp","href":"https:\/\/api.w.org\/{rel}","templated":true}]}}