{"id":3892,"date":"2021-02-11T14:31:28","date_gmt":"2021-02-11T19:31:28","guid":{"rendered":"https:\/\/www.veroniqueberube.com\/tableau-de-bord\/"},"modified":"2021-02-11T14:31:28","modified_gmt":"2021-02-11T19:31:28","slug":"tableau-de-bord","status":"publish","type":"page","link":"https:\/\/www.veroniqueberube.com\/en\/votre-compte\/tableau-de-bord\/","title":{"rendered":"Bienvenue dans votre univers"},"content":{"rendered":"","protected":false},"excerpt":{"rendered":"","protected":false},"author":1,"featured_media":0,"parent":3894,"menu_order":0,"comment_status":"closed","ping_status":"closed","template":"","meta":{"_acf_changed":false,"footnotes":""},"class_list":["post-3892","page","type-page","status-publish","hentry"],"acf":[],"yoast_head":"<!-- This site is optimized with the Yoast SEO plugin v27.4 - https:\/\/yoast.com\/product\/yoast-seo-wordpress\/ -->\n<title>Bienvenue dans votre univers - V\u00e9ronique B\u00e9rub\u00e9<\/title>\n<meta name=\"robots\" content=\"index, follow, max-snippet:-1, max-image-preview:large, max-video-preview:-1\" \/>\n<link rel=\"canonical\" href=\"https:\/\/www.veroniqueberube.com\/en\/votre-compte\/tableau-de-bord\/\" \/>\n<meta property=\"og:locale\" content=\"en_US\" \/>\n<meta property=\"og:type\" content=\"article\" \/>\n<meta property=\"og:title\" content=\"Bienvenue dans votre univers - V\u00e9ronique B\u00e9rub\u00e9\" \/>\n<meta property=\"og:url\" content=\"https:\/\/www.veroniqueberube.com\/en\/votre-compte\/tableau-de-bord\/\" \/>\n<meta property=\"og:site_name\" content=\"V\u00e9ronique B\u00e9rub\u00e9\" \/>\n<meta name=\"twitter:card\" content=\"summary_large_image\" \/>\n<script type=\"application\/ld+json\" class=\"yoast-schema-graph\">{\"@context\":\"https:\\\/\\\/schema.org\",\"@graph\":[{\"@type\":\"WebPage\",\"@id\":\"https:\\\/\\\/www.veroniqueberube.com\\\/en\\\/votre-compte\\\/tableau-de-bord\\\/\",\"url\":\"https:\\\/\\\/www.veroniqueberube.com\\\/en\\\/votre-compte\\\/tableau-de-bord\\\/\",\"name\":\"Bienvenue dans votre univers - V\u00e9ronique B\u00e9rub\u00e9\",\"isPartOf\":{\"@id\":\"https:\\\/\\\/www.veroniqueberube.com\\\/en\\\/#website\"},\"datePublished\":\"2021-02-11T19:31:28+00:00\",\"breadcrumb\":{\"@id\":\"https:\\\/\\\/www.veroniqueberube.com\\\/en\\\/votre-compte\\\/tableau-de-bord\\\/#breadcrumb\"},\"inLanguage\":\"en-US\",\"potentialAction\":[{\"@type\":\"ReadAction\",\"target\":[\"https:\\\/\\\/www.veroniqueberube.com\\\/en\\\/votre-compte\\\/tableau-de-bord\\\/\"]}]},{\"@type\":\"BreadcrumbList\",\"@id\":\"https:\\\/\\\/www.veroniqueberube.com\\\/en\\\/votre-compte\\\/tableau-de-bord\\\/#breadcrumb\",\"itemListElement\":[{\"@type\":\"ListItem\",\"position\":1,\"name\":\"Home\",\"item\":\"https:\\\/\\\/www.veroniqueberube.com\\\/en\\\/accueil\\\/\"},{\"@type\":\"ListItem\",\"position\":2,\"name\":\"Your Account\",\"item\":\"https:\\\/\\\/www.veroniqueberube.com\\\/en\\\/votre-compte\\\/\"},{\"@type\":\"ListItem\",\"position\":3,\"name\":\"Bienvenue dans votre univers\"}]},{\"@type\":\"WebSite\",\"@id\":\"https:\\\/\\\/www.veroniqueberube.com\\\/en\\\/#website\",\"url\":\"https:\\\/\\\/www.veroniqueberube.com\\\/en\\\/\",\"name\":\"V\u00e9ronique B\u00e9rub\u00e9\",\"description\":\"\",\"potentialAction\":[{\"@type\":\"SearchAction\",\"target\":{\"@type\":\"EntryPoint\",\"urlTemplate\":\"https:\\\/\\\/www.veroniqueberube.com\\\/en\\\/?s={search_term_string}\"},\"query-input\":{\"@type\":\"PropertyValueSpecification\",\"valueRequired\":true,\"valueName\":\"search_term_string\"}}],\"inLanguage\":\"en-US\"}]}<\/script>\n<!-- \/ Yoast SEO plugin. -->","yoast_head_json":{"title":"Bienvenue dans votre univers - V\u00e9ronique B\u00e9rub\u00e9","robots":{"index":"index","follow":"follow","max-snippet":"max-snippet:-1","max-image-preview":"max-image-preview:large","max-video-preview":"max-video-preview:-1"},"canonical":"https:\/\/www.veroniqueberube.com\/en\/votre-compte\/tableau-de-bord\/","og_locale":"en_US","og_type":"article","og_title":"Bienvenue dans votre univers - V\u00e9ronique B\u00e9rub\u00e9","og_url":"https:\/\/www.veroniqueberube.com\/en\/votre-compte\/tableau-de-bord\/","og_site_name":"V\u00e9ronique B\u00e9rub\u00e9","twitter_card":"summary_large_image","schema":{"@context":"https:\/\/schema.org","@graph":[{"@type":"WebPage","@id":"https:\/\/www.veroniqueberube.com\/en\/votre-compte\/tableau-de-bord\/","url":"https:\/\/www.veroniqueberube.com\/en\/votre-compte\/tableau-de-bord\/","name":"Bienvenue dans votre univers - V\u00e9ronique B\u00e9rub\u00e9","isPartOf":{"@id":"https:\/\/www.veroniqueberube.com\/en\/#website"},"datePublished":"2021-02-11T19:31:28+00:00","breadcrumb":{"@id":"https:\/\/www.veroniqueberube.com\/en\/votre-compte\/tableau-de-bord\/#breadcrumb"},"inLanguage":"en-US","potentialAction":[{"@type":"ReadAction","target":["https:\/\/www.veroniqueberube.com\/en\/votre-compte\/tableau-de-bord\/"]}]},{"@type":"BreadcrumbList","@id":"https:\/\/www.veroniqueberube.com\/en\/votre-compte\/tableau-de-bord\/#breadcrumb","itemListElement":[{"@type":"ListItem","position":1,"name":"Home","item":"https:\/\/www.veroniqueberube.com\/en\/accueil\/"},{"@type":"ListItem","position":2,"name":"Your Account","item":"https:\/\/www.veroniqueberube.com\/en\/votre-compte\/"},{"@type":"ListItem","position":3,"name":"Bienvenue dans votre univers"}]},{"@type":"WebSite","@id":"https:\/\/www.veroniqueberube.com\/en\/#website","url":"https:\/\/www.veroniqueberube.com\/en\/","name":"V\u00e9ronique B\u00e9rub\u00e9","description":"","potentialAction":[{"@type":"SearchAction","target":{"@type":"EntryPoint","urlTemplate":"https:\/\/www.veroniqueberube.com\/en\/?s={search_term_string}"},"query-input":{"@type":"PropertyValueSpecification","valueRequired":true,"valueName":"search_term_string"}}],"inLanguage":"en-US"}]}},"_links":{"self":[{"href":"https:\/\/www.veroniqueberube.com\/en\/wp-json\/wp\/v2\/pages\/3892","targetHints":{"allow":["GET"]}}],"collection":[{"href":"https:\/\/www.veroniqueberube.com\/en\/wp-json\/wp\/v2\/pages"}],"about":[{"href":"https:\/\/www.veroniqueberube.com\/en\/wp-json\/wp\/v2\/types\/page"}],"author":[{"embeddable":true,"href":"https:\/\/www.veroniqueberube.com\/en\/wp-json\/wp\/v2\/users\/1"}],"replies":[{"embeddable":true,"href":"https:\/\/www.veroniqueberube.com\/en\/wp-json\/wp\/v2\/comments?post=3892"}],"version-history":[{"count":0,"href":"https:\/\/www.veroniqueberube.com\/en\/wp-json\/wp\/v2\/pages\/3892\/revisions"}],"up":[{"embeddable":true,"href":"https:\/\/www.veroniqueberube.com\/en\/wp-json\/wp\/v2\/pages\/3894"}],"wp:attachment":[{"href":"https:\/\/www.veroniqueberube.com\/en\/wp-json\/wp\/v2\/media?parent=3892"}],"curies":[{"name":"wp","href":"https:\/\/api.w.org\/{rel}","templated":true}]}}